{"id":301,"date":"2023-04-30T21:05:19","date_gmt":"2023-04-30T19:05:19","guid":{"rendered":"https:\/\/coolfrog13.wordpress.com\/?page_id=301"},"modified":"2023-06-22T15:35:35","modified_gmt":"2023-06-22T13:35:35","slug":"an-und-umbauten","status":"publish","type":"page","link":"https:\/\/hwp-architekten.de\/?page_id=301","title":{"rendered":"An- und Umbauten"},"content":{"rendered":"\n<div class=\"wp-block-buttons alignwide is-layout-flex wp-block-buttons-is-layout-flex\">\n<div class=\"wp-block-button\"><a class=\"wp-block-button__link wp-element-button\" href=\"https:\/\/hwp-architekten.de\/?page_id=25\">Alle<\/a><\/div>\n\n\n\n<div class=\"wp-block-button\"><a class=\"wp-block-button__link wp-element-button\" href=\"https:\/\/hwp-architekten.de\/?page_id=294\">Sanieren \/ Renovieren<\/a><\/div>\n\n\n\n<div class=\"wp-block-button\"><a class=\"wp-block-button__link wp-element-button\" href=\"https:\/\/hwp-architekten.de\/?page_id=301\">An- und Umbauen<\/a><\/div>\n\n\n\n<div class=\"wp-block-button\"><a class=\"wp-block-button__link wp-element-button\" href=\"https:\/\/hwp-architekten.de\/?page_id=305\">Unterhaltsbetreuung<\/a><\/div>\n\n\n\n<div class=\"wp-block-button\"><a class=\"wp-block-button__link wp-element-button\" href=\"https:\/\/hwp-architekten.de\/?page_id=308\">Neubauten<\/a><\/div>\n<\/div>\n\n\n\n<div class=\"wp-block-columns alignwide is-layout-flex wp-container-core-columns-is-layout-28f84493 wp-block-columns-is-layout-flex\">\n<div class=\"wp-block-column is-layout-flow wp-block-column-is-layout-flow\"><div class=\"iheg-wrapper\"><div class=\"eihe-box eihe-fade\" style=\"background: rgba(0,0,0,0.28);border-radius:0px 0px 0px 0px;\"><img decoding=\"async\" src=\"https:\/\/hwp-architekten.de\/wp-content\/uploads\/2023\/04\/dsc_0023_bearb-2-scaled.jpg\" alt=\"\"\/><div class=\"eihe-caption\" style=\"background: rgba(0,0,0,0.28);\"><div class=\"eihe-title-cover\"><h3 style=\"font-size: 18px;line-height: 49px;\" class=\"eihe-title\"><a href=\"http:\/\/www.hwp-architekten.de\/projekte\/projekt\/view\/steubenstrasse\/\"><br><\/a> <a href=\"https:\/\/hwp-architekten.de\/?page_id=349\" data-type=\"page\" data-id=\"349\">Modehaus Henschel<br><em>Restaurauntsanierung<\/em><\/a><\/h3>\t<\/div><p style=\"color: rgba(255,255,255,1);font-size: 11px;font-style: italic;text-decoration: overline;line-height: 43px;\">Darmstadt<\/p><\/div><\/div><\/div><\/div>\n\n\n\n<div class=\"wp-block-column is-layout-flow wp-block-column-is-layout-flow\" style=\"flex-basis:285px\"><div class=\"iheg-wrapper\"><div class=\"eihe-box eihe-fade\" style=\"background: rgba(0,0,0,0.28);border-radius:0px 0px 0px 0px;\"><img decoding=\"async\" src=\"https:\/\/hwp-architekten.de\/wp-content\/uploads\/2023\/06\/csm_00_DSC_0112_92a010e3ec.jpg\" alt=\"\"\/><div class=\"eihe-caption\" style=\"background: rgba(0,0,0,0.28);\"><div class=\"eihe-title-cover\"><h4 style=\"font-size: 13px;line-height: 49px;\" class=\"eihe-title\"><a href=\"http:\/\/www.hwp-architekten.de\/projekte\/projekt\/view\/steubenstrasse\/\"><br> <\/a><a href=\"https:\/\/hwp-architekten.de\/?page_id=376\" data-type=\"page\" data-id=\"376\">Metzgerei Feinkost P\u00fctz<br><em>Umbau Wohn- und <\/em> <em>Gesch\u00e4ftshaus<\/em><\/a><\/h4>\t<\/div><p style=\"color: rgba(255,255,255,1);font-size: 11px;font-style: italic;text-decoration: overline;line-height: 43px;\">Walldorf<\/p><\/div><\/div><\/div><\/div>\n\n\n\n<div class=\"wp-block-column is-layout-flow wp-block-column-is-layout-flow\"><div class=\"iheg-wrapper\"><div class=\"eihe-box eihe-fade\" style=\"background: rgba(0,0,0,0.28);border-radius:0px 0px 0px 0px;\"><img decoding=\"async\" src=\"https:\/\/hwp-architekten.de\/wp-content\/uploads\/2023\/04\/nueckel_05.jpg\" alt=\"\"\/><div class=\"eihe-caption\" style=\"background: rgba(0,0,0,0.28);\"><div class=\"eihe-title-cover\"><h3 style=\"font-size: 18px;line-height: 49px;\" class=\"eihe-title\"><br><a href=\"https:\/\/hwp-architekten.de\/?page_id=463\" data-type=\"page\" data-id=\"463\">Ladenburger Stra\u00dfe 30<br><em>Dachgeschossumbau <\/em><\/a><\/h3>\t<\/div><p style=\"color: rgba(255,255,255,1);font-size: 11px;font-style: italic;text-decoration: overline;line-height: 43px;\">Heidelberg<\/p><\/div><\/div><\/div><\/div>\n<\/div>\n\n\n\n<div class=\"wp-block-columns alignwide is-layout-flex wp-container-core-columns-is-layout-28f84493 wp-block-columns-is-layout-flex\">\n<div class=\"wp-block-column is-layout-flow wp-block-column-is-layout-flow\"><div class=\"iheg-wrapper\"><div class=\"eihe-box eihe-fade\" style=\"background: rgba(0,0,0,0.28);border-radius:0px 0px 0px 0px;\"><img decoding=\"async\" src=\"https:\/\/hwp-architekten.de\/wp-content\/uploads\/2023\/04\/swh_01.jpg\" alt=\"\"\/><div class=\"eihe-caption\" style=\"background: rgba(0,0,0,0.28);\"><div class=\"eihe-title-cover\"><h3 style=\"font-size: 13px;line-height: 49px;\" class=\"eihe-title\"><a href=\"http:\/\/www.hwp-architekten.de\/projekte\/projekt\/view\/steubenstrasse\/\"><br> <\/a><a href=\"https:\/\/hwp-architekten.de\/?page_id=473\" data-type=\"page\" data-id=\"473\">Stadtwerke Heidelberg<br><em>Umbau und Aufstockung \u2019 Geb\u00e4ude A\u2019 <\/em><\/a><\/h3>\t<\/div><p style=\"color: rgba(255,255,255,1);font-size: 11px;font-style: italic;text-decoration: overline;line-height: 43px;\">Heidelberg<\/p><\/div><\/div><\/div><\/div>\n\n\n\n<div class=\"wp-block-column is-layout-flow wp-block-column-is-layout-flow\"><div class=\"iheg-wrapper\"><div class=\"eihe-box eihe-fade\" style=\"background: rgba(0,0,0,0.28);border-radius:0px 0px 0px 0px;\"><img decoding=\"async\" src=\"https:\/\/hwp-architekten.de\/wp-content\/uploads\/2023\/05\/kraus_01.jpg\" alt=\"\"\/><div class=\"eihe-caption\" style=\"background: rgba(0,0,0,0.28);\"><div class=\"eihe-title-cover\"><h3 style=\"font-size: 18px;line-height: 49px;\" class=\"eihe-title\"><br><a href=\"https:\/\/hwp-architekten.de\/?page_id=480\" data-type=\"page\" data-id=\"480\">Modehaus Kraus<br><em>Umbau und Renovierung<\/em> <\/a><\/h3>\t<\/div><p style=\"color: rgba(255,255,255,1);font-size: 11px;font-style: italic;text-decoration: overline;line-height: 43px;\">Heidelberg<\/p><\/div><\/div><\/div><\/div>\n\n\n\n<div class=\"wp-block-column is-layout-flow wp-block-column-is-layout-flow\" style=\"flex-basis:270px\"><div class=\"iheg-wrapper\"><div class=\"eihe-box eihe-fade\" style=\"background: rgba(0,0,0,0.28);border-radius:0px 0px 0px 0px;\"><img decoding=\"async\" src=\"https:\/\/hwp-architekten.de\/wp-content\/uploads\/2023\/05\/mpil_05.jpg\" alt=\"\"\/><div class=\"eihe-caption\" style=\"background: rgba(0,0,0,0.28);\"><div class=\"eihe-title-cover\"><h3 style=\"font-size: 11px;line-height: 26px;\" class=\"eihe-title\"><br><a href=\"https:\/\/hwp-architekten.de\/?page_id=487\" data-type=\"page\" data-id=\"487\">Max-Planck-Institut f\u00fcr ausl\u00e4ndisches \u00f6ffentliches Recht und V\u00f6lkerrecht<br><em>Erweiterung Bibliotheksmagazin (2. BA)<\/em><\/a><\/h3>\t<\/div><p style=\"color: rgba(255,255,255,1);font-size: 11px;font-style: italic;text-decoration: overline;line-height: 43px;\">Heidelberg<\/p><\/div><\/div><\/div><\/div>\n<\/div>\n\n\n\n<div class=\"wp-block-columns alignwide is-layout-flex wp-container-core-columns-is-layout-28f84493 wp-block-columns-is-layout-flex\">\n<div class=\"wp-block-column is-layout-flow wp-block-column-is-layout-flow\"><div class=\"iheg-wrapper\"><div class=\"eihe-box eihe-fade\" style=\"background: rgba(0,0,0,0.28);border-radius:0px 0px 0px 0px;\"><img decoding=\"async\" src=\"https:\/\/hwp-architekten.de\/wp-content\/uploads\/2023\/05\/mpia_01.jpg\" alt=\"\"\/><div class=\"eihe-caption\" style=\"background: rgba(0,0,0,0.28);\"><div class=\"eihe-title-cover\"><h3 style=\"font-size: 12px;line-height: 37px;\" class=\"eihe-title\"><a href=\"http:\/\/www.hwp-architekten.de\/projekte\/projekt\/view\/steubenstrasse\/\"><br><\/a><a href=\"https:\/\/hwp-architekten.de\/?page_id=496\" data-type=\"page\" data-id=\"496\"> Max-Planck-Institut f\u00fcr Astronomie<br><em>Umbau \/ Aufstockung Institutsgeb\u00e4ude<\/em><\/a><\/h3>\t<\/div><p style=\"color: rgba(255,255,255,1);font-size: 11px;font-style: italic;text-decoration: overline;line-height: 43px;\">Heidelberg<\/p><\/div><\/div><\/div><\/div>\n\n\n\n<div class=\"wp-block-column is-layout-flow wp-block-column-is-layout-flow\" style=\"flex-basis:320px\"><div class=\"iheg-wrapper\"><div class=\"eihe-box eihe-fade\" style=\"background: rgba(0,0,0,0.28);border-radius:0px 0px 0px 0px;\"><img decoding=\"async\" src=\"https:\/\/hwp-architekten.de\/wp-content\/uploads\/2023\/04\/mpimf_01.jpg\" alt=\"\"\/><div class=\"eihe-caption\" style=\"background: rgba(0,0,0,0.28);\"><div class=\"eihe-title-cover\"><h3 style=\"font-size: 11px;line-height: 30px;\" class=\"eihe-title\"><a href=\"http:\/\/www.hwp-architekten.de\/projekte\/projekt\/view\/steubenstrasse\/\"><br> <\/a><a href=\"https:\/\/hwp-architekten.de\/?page_id=514\" data-type=\"page\" data-id=\"514\">Max-Planck-Institut f\u00fcr medizinische Forschung <br>U<em>m- und Erweiterungsbau Institutsgeb\u00e4ude<\/em><\/a><\/h3>\t<\/div><p style=\"color: rgba(255,255,255,1);font-size: 11px;font-style: italic;text-decoration: overline;line-height: 43px;\">Heidelberg <\/p><\/div><\/div><\/div><\/div>\n\n\n\n<div class=\"wp-block-column is-layout-flow wp-block-column-is-layout-flow\"><\/div>\n<\/div>\n\n\n\n<div style=\"height:100px\" aria-hidden=\"true\" class=\"wp-block-spacer\"><\/div>\n","protected":false},"excerpt":{"rendered":"","protected":false},"author":1,"featured_media":0,"parent":0,"menu_order":0,"comment_status":"closed","ping_status":"closed","template":"","meta":{"footnotes":""},"class_list":["post-301","page","type-page","status-publish","hentry"],"_links":{"self":[{"href":"https:\/\/hwp-architekten.de\/index.php?rest_route=\/wp\/v2\/pages\/301","targetHints":{"allow":["GET"]}}],"collection":[{"href":"https:\/\/hwp-architekten.de\/index.php?rest_route=\/wp\/v2\/pages"}],"about":[{"href":"https:\/\/hwp-architekten.de\/index.php?rest_route=\/wp\/v2\/types\/page"}],"author":[{"embeddable":true,"href":"https:\/\/hwp-architekten.de\/index.php?rest_route=\/wp\/v2\/users\/1"}],"replies":[{"embeddable":true,"href":"https:\/\/hwp-architekten.de\/index.php?rest_route=%2Fwp%2Fv2%2Fcomments&post=301"}],"version-history":[{"count":13,"href":"https:\/\/hwp-architekten.de\/index.php?rest_route=\/wp\/v2\/pages\/301\/revisions"}],"predecessor-version":[{"id":1135,"href":"https:\/\/hwp-architekten.de\/index.php?rest_route=\/wp\/v2\/pages\/301\/revisions\/1135"}],"wp:attachment":[{"href":"https:\/\/hwp-architekten.de\/index.php?rest_route=%2Fwp%2Fv2%2Fmedia&parent=301"}],"curies":[{"name":"wp","href":"https:\/\/api.w.org\/{rel}","templated":true}]}}