{"id":305,"date":"2023-04-30T21:06:23","date_gmt":"2023-04-30T19:06:23","guid":{"rendered":"https:\/\/coolfrog13.wordpress.com\/?page_id=305"},"modified":"2023-06-22T15:36:36","modified_gmt":"2023-06-22T13:36:36","slug":"unterhaltsbetreuung","status":"publish","type":"page","link":"https:\/\/hwp-architekten.de\/?page_id=305","title":{"rendered":"Unterhaltsbetreuung"},"content":{"rendered":"\n<div class=\"wp-block-buttons alignwide is-layout-flex wp-block-buttons-is-layout-flex\">\n<div class=\"wp-block-button\"><a class=\"wp-block-button__link wp-element-button\" href=\"https:\/\/hwp-architekten.de\/?page_id=25\">Alle<\/a><\/div>\n\n\n\n<div class=\"wp-block-button\"><a class=\"wp-block-button__link wp-element-button\" href=\"https:\/\/hwp-architekten.de\/?page_id=294\">Sanieren \/ Renovieren<\/a><\/div>\n\n\n\n<div class=\"wp-block-button\"><a class=\"wp-block-button__link wp-element-button\" href=\"https:\/\/hwp-architekten.de\/?page_id=301\">An- und Umbauen<\/a><\/div>\n\n\n\n<div class=\"wp-block-button\"><a class=\"wp-block-button__link wp-element-button\" href=\"https:\/\/hwp-architekten.de\/?page_id=305\">Unterhaltsbetreuung<\/a><\/div>\n\n\n\n<div class=\"wp-block-button\"><a class=\"wp-block-button__link wp-element-button\" href=\"https:\/\/hwp-architekten.de\/?page_id=308\">Neubauten<\/a><\/div>\n<\/div>\n\n\n\n<div class=\"wp-block-columns alignwide is-layout-flex wp-container-core-columns-is-layout-28f84493 wp-block-columns-is-layout-flex\">\n<div class=\"wp-block-column is-layout-flow wp-block-column-is-layout-flow\" style=\"flex-basis:326px\"><div class=\"iheg-wrapper\"><div class=\"eihe-box eihe-fade\" style=\"background: rgba(0,0,0,0.28);border-radius:0px 0px 0px 0px;\"><img decoding=\"async\" src=\"https:\/\/hwp-architekten.de\/wp-content\/uploads\/2023\/05\/mpil_01.jpg\" alt=\"\"\/><div class=\"eihe-caption\" style=\"background: rgba(0,0,0,0.28);\"><div class=\"eihe-title-cover\"><h3 style=\"font-size: 13px;line-height: 24px;\" class=\"eihe-title\"><a href=\"http:\/\/www.hwp-architekten.de\/projekte\/projekt\/view\/steubenstrasse\/\"><br><\/a>    <a href=\"https:\/\/hwp-architekten.de\/?page_id=431\" data-type=\"page\" data-id=\"431\">Max-Planck-Institut f\u00fcr ausl\u00e4ndisches \u00f6ffentliches Recht und V\u00f6lkerrecht<br><br><em>Bauunterhalt<\/em><\/a><\/h3>\t<\/div><p style=\"color: rgba(255,255,255,1);font-size: 11px;font-style: italic;text-decoration: overline;line-height: 43px;\">Heidelberg<\/p><\/div><\/div><\/div><\/div>\n\n\n\n<div class=\"wp-block-column is-layout-flow wp-block-column-is-layout-flow\"><div class=\"iheg-wrapper\"><div class=\"eihe-box eihe-fade\" style=\"background: rgba(0,0,0,0.28);border-radius:0px 0px 0px 0px;\"><img decoding=\"async\" src=\"https:\/\/hwp-architekten.de\/wp-content\/uploads\/2023\/04\/mpimf_ans-no-bearbeitet-scaled.jpg\" alt=\"\"\/><div class=\"eihe-caption\" style=\"background: rgba(0,0,0,0.28);\"><div class=\"eihe-title-cover\"><h3 style=\"font-size: 15px;line-height: 25px;\" class=\"eihe-title\"><a href=\"http:\/\/www.hwp-architekten.de\/projekte\/projekt\/view\/steubenstrasse\/\"><br><\/a><a href=\"https:\/\/hwp-architekten.de\/?page_id=442\" data-type=\"page\" data-id=\"442\"> Max-Planck-Institut f\u00fcr medizinische Forschung<\/a><br><a href=\"https:\/\/wp.hwp-architekten.de\/?page_id=442\" data-type=\"page\" data-id=\"442\"><br><em>Bauunterhalt<\/em><\/a><\/h3>\t<\/div><p style=\"color: rgba(255,255,255,1);font-size: 11px;font-style: italic;text-decoration: overline;line-height: 43px;\">Heidelberg <\/p><\/div><\/div><\/div><\/div>\n\n\n\n<div class=\"wp-block-column is-layout-flow wp-block-column-is-layout-flow\" style=\"flex-basis:275px\"><div class=\"iheg-wrapper\"><div class=\"eihe-box eihe-fade\" style=\"background: rgba(0,0,0,0.28);border-radius:0px 0px 0px 0px;\"><img decoding=\"async\" src=\"https:\/\/hwp-architekten.de\/wp-content\/uploads\/2023\/04\/mpia_bauunterhalt.jpg\" alt=\"\"\/><div class=\"eihe-caption\" style=\"background: rgba(0,0,0,0.28);\"><div class=\"eihe-title-cover\"><h3 style=\"font-size: 12px;line-height: 32px;\" class=\"eihe-title\"><a href=\"http:\/\/www.hwp-architekten.de\/projekte\/projekt\/view\/steubenstrasse\/\"><br><\/a><a href=\"https:\/\/hwp-architekten.de\/?page_id=446\" data-type=\"page\" data-id=\"446\">Max-Planck-Institut f\u00fcr Astronomie<br><em>Bauunterhalt<\/em><\/a><\/h3>\t<\/div><p style=\"color: rgba(255,255,255,1);font-size: 11px;font-style: italic;text-decoration: overline;line-height: 43px;\">Heidelberg<\/p><\/div><\/div><\/div><\/div>\n<\/div>\n\n\n\n<div class=\"wp-block-columns alignwide is-layout-flex wp-container-core-columns-is-layout-28f84493 wp-block-columns-is-layout-flex\">\n<div class=\"wp-block-column is-layout-flow wp-block-column-is-layout-flow\"><div class=\"iheg-wrapper\"><div class=\"eihe-box eihe-fade\" style=\"background: rgba(0,0,0,0.28);border-radius:0px 0px 0px 0px;\"><img decoding=\"async\" src=\"https:\/\/hwp-architekten.de\/wp-content\/uploads\/2022\/11\/csm_henschel_01_5dcd68f157-2.jpg\" alt=\"\"\/><div class=\"eihe-caption\" style=\"background: rgba(0,0,0,0.28);\"><div class=\"eihe-title-cover\"><h3 style=\"font-size: 18px;line-height: 49px;\" class=\"eihe-title\"><a href=\"http:\/\/www.hwp-architekten.de\/projekte\/projekt\/view\/steubenstrasse\/\"><br> <\/a><a href=\"https:\/\/hwp-architekten.de\/?page_id=450\" data-type=\"page\" data-id=\"450\">Henschel Darmstadt GMBH<br><em>Umbau K\u00e4ltezentrale<\/em><\/a><\/h3>\t<\/div><p style=\"color: rgba(255,255,255,1);font-size: 11px;font-style: italic;text-decoration: overline;line-height: 43px;\">Darmstadt<\/p><\/div><\/div><\/div><\/div>\n\n\n\n<div class=\"wp-block-column is-layout-flow wp-block-column-is-layout-flow\"><\/div>\n\n\n\n<div class=\"wp-block-column is-layout-flow wp-block-column-is-layout-flow\"><\/div>\n<\/div>\n\n\n\n<div style=\"height:100px\" aria-hidden=\"true\" class=\"wp-block-spacer\"><\/div>\n","protected":false},"excerpt":{"rendered":"","protected":false},"author":1,"featured_media":0,"parent":0,"menu_order":0,"comment_status":"closed","ping_status":"closed","template":"","meta":{"footnotes":""},"class_list":["post-305","page","type-page","status-publish","hentry"],"_links":{"self":[{"href":"https:\/\/hwp-architekten.de\/index.php?rest_route=\/wp\/v2\/pages\/305","targetHints":{"allow":["GET"]}}],"collection":[{"href":"https:\/\/hwp-architekten.de\/index.php?rest_route=\/wp\/v2\/pages"}],"about":[{"href":"https:\/\/hwp-architekten.de\/index.php?rest_route=\/wp\/v2\/types\/page"}],"author":[{"embeddable":true,"href":"https:\/\/hwp-architekten.de\/index.php?rest_route=\/wp\/v2\/users\/1"}],"replies":[{"embeddable":true,"href":"https:\/\/hwp-architekten.de\/index.php?rest_route=%2Fwp%2Fv2%2Fcomments&post=305"}],"version-history":[{"count":12,"href":"https:\/\/hwp-architekten.de\/index.php?rest_route=\/wp\/v2\/pages\/305\/revisions"}],"predecessor-version":[{"id":1100,"href":"https:\/\/hwp-architekten.de\/index.php?rest_route=\/wp\/v2\/pages\/305\/revisions\/1100"}],"wp:attachment":[{"href":"https:\/\/hwp-architekten.de\/index.php?rest_route=%2Fwp%2Fv2%2Fmedia&parent=305"}],"curies":[{"name":"wp","href":"https:\/\/api.w.org\/{rel}","templated":true}]}}