{"id":446,"date":"2023-05-08T19:37:37","date_gmt":"2023-05-08T17:37:37","guid":{"rendered":"https:\/\/coolfrog13.wordpress.com\/?page_id=446"},"modified":"2023-05-11T18:52:30","modified_gmt":"2023-05-11T16:52:30","slug":"max-planck-institut-fur-astronomie","status":"publish","type":"page","link":"https:\/\/hwp-architekten.de\/?page_id=446","title":{"rendered":"Max-Planck-Institut f\u00fcr Astronomie"},"content":{"rendered":"\n<h4 class=\"wp-block-heading\">Bauunterhalt<\/h4>\n\n\n\n<h6 class=\"wp-block-heading\" style=\"font-style:italic;font-weight:100\"><em>Heidelberg<\/em><\/h6>\n\n\n\n<div class=\"wp-block-columns alignwide is-layout-flex wp-container-core-columns-is-layout-28f84493 wp-block-columns-is-layout-flex\">\n<div class=\"wp-block-column is-layout-flow wp-block-column-is-layout-flow\" style=\"flex-basis:50%\">\n<p>HWP betreut s\u00e4mtliche Bauunterhaltsma\u00dfnahmen des MPIA, dazu geh\u00f6ren:<\/p>\n\n\n\n<ul class=\"wp-block-list\">\n<li>Bedarfsanalyse mit dem Institut<\/li>\n\n\n\n<li>Erfassung der erforderlichen Unterhaltsma\u00dfnahmen<\/li>\n\n\n\n<li>Sichtkontrolle der tragenden Bauteile<\/li>\n\n\n\n<li>Dokumentation \u00fcber die durchgef\u00fchrten Baubegehungen und Sichtkontrollen<\/li>\n\n\n\n<li>Aufstellen der Bauunterhaltsverzeichnisse und deren Nachtr\u00e4ge<\/li>\n\n\n\n<li>Einholen von Angeboten<\/li>\n\n\n\n<li>Koordinierung, Organisierung und \u00dcberwachung der Ausf\u00fchrung<\/li>\n\n\n\n<li>Abwicklung der Abrechnung und M\u00e4ngelbeseitigung<\/li>\n\n\n\n<li>Kostenverfolgung und Kostenfortschreibung<\/li>\n<\/ul>\n<\/div>\n\n\n\n<div class=\"wp-block-column is-layout-flow wp-block-column-is-layout-flow\" style=\"flex-basis:50%\">\n<p><\/p>\n\n\n\n<figure class=\"wp-block-image size-full\"><img loading=\"lazy\" decoding=\"async\" width=\"800\" height=\"600\" src=\"https:\/\/wp.hwp-architekten.de\/wp-content\/uploads\/2023\/04\/mpia_bauunterhalt.jpg\" alt=\"\" class=\"wp-image-280\" srcset=\"https:\/\/hwp-architekten.de\/wp-content\/uploads\/2023\/04\/mpia_bauunterhalt.jpg 800w, https:\/\/hwp-architekten.de\/wp-content\/uploads\/2023\/04\/mpia_bauunterhalt-300x225.jpg 300w, https:\/\/hwp-architekten.de\/wp-content\/uploads\/2023\/04\/mpia_bauunterhalt-768x576.jpg 768w\" sizes=\"auto, (max-width: 800px) 100vw, 800px\" \/><\/figure>\n<\/div>\n<\/div>\n\n\n\n<p><\/p>\n\n\n\n<div style=\"height:100px\" aria-hidden=\"true\" class=\"wp-block-spacer\"><\/div>\n","protected":false},"excerpt":{"rendered":"<p>Bauunterhalt Heidelberg HWP betreut s\u00e4mtliche Bauunterhaltsma\u00dfnahmen des MPIA, dazu geh\u00f6ren:<\/p>\n","protected":false},"author":1,"featured_media":0,"parent":0,"menu_order":0,"comment_status":"closed","ping_status":"closed","template":"","meta":{"footnotes":""},"class_list":["post-446","page","type-page","status-publish","hentry"],"_links":{"self":[{"href":"https:\/\/hwp-architekten.de\/index.php?rest_route=\/wp\/v2\/pages\/446","targetHints":{"allow":["GET"]}}],"collection":[{"href":"https:\/\/hwp-architekten.de\/index.php?rest_route=\/wp\/v2\/pages"}],"about":[{"href":"https:\/\/hwp-architekten.de\/index.php?rest_route=\/wp\/v2\/types\/page"}],"author":[{"embeddable":true,"href":"https:\/\/hwp-architekten.de\/index.php?rest_route=\/wp\/v2\/users\/1"}],"replies":[{"embeddable":true,"href":"https:\/\/hwp-architekten.de\/index.php?rest_route=%2Fwp%2Fv2%2Fcomments&post=446"}],"version-history":[{"count":1,"href":"https:\/\/hwp-architekten.de\/index.php?rest_route=\/wp\/v2\/pages\/446\/revisions"}],"predecessor-version":[{"id":887,"href":"https:\/\/hwp-architekten.de\/index.php?rest_route=\/wp\/v2\/pages\/446\/revisions\/887"}],"wp:attachment":[{"href":"https:\/\/hwp-architekten.de\/index.php?rest_route=%2Fwp%2Fv2%2Fmedia&parent=446"}],"curies":[{"name":"wp","href":"https:\/\/api.w.org\/{rel}","templated":true}]}}